{"id":22007,"date":"2022-04-15T09:54:40","date_gmt":"2022-04-15T07:54:40","guid":{"rendered":"https:\/\/civerarestauri.it\/contatti\/"},"modified":"2025-02-14T21:28:37","modified_gmt":"2025-02-14T20:28:37","slug":"contact","status":"publish","type":"page","link":"https:\/\/civerarestauri.it\/fr\/contact\/","title":{"rendered":"Contact"},"content":{"rendered":"\t\t<div data-elementor-type=\"wp-page\" data-elementor-id=\"22007\" class=\"elementor elementor-22007 elementor-5791\">\n\t\t\t\t\t\t<section class=\"elementor-section elementor-top-section elementor-element elementor-element-9e103bd elementor-section-full_width elementor-section-height-default elementor-section-height-default qodef-elementor-content-no\" data-id=\"9e103bd\" data-element_type=\"section\" data-settings=\"{&quot;background_background&quot;:&quot;classic&quot;}\">\n\t\t\t\t\t\t<div class=\"elementor-container elementor-column-gap-default\">\n\t\t\t\t\t<div class=\"elementor-column elementor-col-100 elementor-top-column elementor-element elementor-element-2154f91 animated-slow elementor-invisible\" data-id=\"2154f91\" data-element_type=\"column\" data-settings=\"{&quot;animation&quot;:&quot;fadeIn&quot;}\">\n\t\t\t<div class=\"elementor-widget-wrap elementor-element-populated\">\n\t\t\t\t\t\t<div class=\"elementor-element elementor-element-402bd7f elementor-widget__width-initial animated-slow elementor-invisible elementor-widget elementor-widget-archicon_core_section_title\" data-id=\"402bd7f\" data-element_type=\"widget\" data-settings=\"{&quot;_animation&quot;:&quot;fadeInUp&quot;}\" data-widget_type=\"archicon_core_section_title.default\">\n\t\t\t\t<div class=\"elementor-widget-container\">\n\t\t\t<div class=\"qodef-shortcode qodef-m  qodef-section-title qodef-alignment--center   \"  >\n\t\t\t<h1 class=\"qodef-m-title\" style=\"color: #FFFFFF;text-transform: uppercase\">\n\t<span class=\"qodef-m-title-inner\" style=\"--qodef-st-custom-fs: 90px;--qodef-st-custom-lh: 90px\">\n\t\t\tCONTACTS\t\t<\/span>\n\t<\/h1>\n\t\t<\/div>\n\t\t<\/div>\n\t\t\t\t<\/div>\n\t\t\t\t\t<\/div>\n\t\t<\/div>\n\t\t\t\t\t<\/div>\n\t\t<\/section>\n\t\t\t\t<section class=\"elementor-section elementor-top-section elementor-element elementor-element-de38a9f elementor-section-full_width elementor-section-height-default elementor-section-height-default qodef-elementor-content-no\" data-id=\"de38a9f\" data-element_type=\"section\" data-settings=\"{&quot;background_background&quot;:&quot;classic&quot;}\">\n\t\t\t\t\t\t<div class=\"elementor-container elementor-column-gap-default\">\n\t\t\t\t\t<div class=\"elementor-column elementor-col-50 elementor-top-column elementor-element elementor-element-e31dcde\" data-id=\"e31dcde\" data-element_type=\"column\">\n\t\t\t<div class=\"elementor-widget-wrap elementor-element-populated\">\n\t\t\t\t\t\t<div class=\"elementor-element elementor-element-72af269 elementor-widget__width-initial elementor-widget-mobile__width-inherit animated-slow elementor-invisible elementor-widget elementor-widget-archicon_core_section_title\" data-id=\"72af269\" data-element_type=\"widget\" data-settings=\"{&quot;_animation&quot;:&quot;fadeInUp&quot;}\" data-widget_type=\"archicon_core_section_title.default\">\n\t\t\t\t<div class=\"elementor-widget-container\">\n\t\t\t<div class=\"qodef-shortcode qodef-m  qodef-section-title qodef-alignment--left   \"  >\n\t\t\t<h3 class=\"qodef-m-title\" style=\"color: #FFFFFF\">\n\t<span class=\"qodef-m-title-inner\" >\n\t\t\tLes succ\u00e8s obtenus au cours de ces ann\u00e9es d'activit\u00e9 sont \u00e9troitement li\u00e9s \u00e0 l'\u00e9thique professionnelle qui a guid\u00e9 le parcours de l'entreprise, la caract\u00e9risant par le concret, la fiabilit\u00e9, la comp\u00e9tence, la solidit\u00e9 et la ponctualit\u00e9.\t\t<\/span>\n\t<\/h3>\n\t\t<\/div>\n\t\t<\/div>\n\t\t\t\t<\/div>\n\t\t\t\t<div class=\"elementor-element elementor-element-a243804 elementor-widget elementor-widget-archicon_core_single_image\" data-id=\"a243804\" data-element_type=\"widget\" data-widget_type=\"archicon_core_single_image.default\">\n\t\t\t\t<div class=\"elementor-widget-container\">\n\t\t\t<div class=\"qodef-shortcode qodef-m  qodef-single-image qodef-layout--default   \">\n\t\t\t<div class=\"qodef-m-image\">\n\t\t\t\t\t\t\t\t<img fetchpriority=\"high\" decoding=\"async\" width=\"1920\" height=\"1280\" src=\"https:\/\/civerarestauri.it\/wp-content\/uploads\/2024\/11\/CONTATTI.jpg\" class=\"attachment-full size-full\" alt=\"\" srcset=\"https:\/\/civerarestauri.it\/wp-content\/uploads\/2024\/11\/CONTATTI.jpg 1920w, https:\/\/civerarestauri.it\/wp-content\/uploads\/2024\/11\/CONTATTI-300x200.jpg 300w, https:\/\/civerarestauri.it\/wp-content\/uploads\/2024\/11\/CONTATTI-1024x683.jpg 1024w, https:\/\/civerarestauri.it\/wp-content\/uploads\/2024\/11\/CONTATTI-768x512.jpg 768w, https:\/\/civerarestauri.it\/wp-content\/uploads\/2024\/11\/CONTATTI-1536x1024.jpg 1536w\" sizes=\"(max-width: 1920px) 100vw, 1920px\" \/>\t\t\t\t\t\t\t<\/div>\n\t<\/div>\n\t\t<\/div>\n\t\t\t\t<\/div>\n\t\t\t\t\t<\/div>\n\t\t<\/div>\n\t\t\t\t<div class=\"elementor-column elementor-col-50 elementor-top-column elementor-element elementor-element-110c510\" data-id=\"110c510\" data-element_type=\"column\">\n\t\t\t<div class=\"elementor-widget-wrap elementor-element-populated\">\n\t\t\t\t\t\t<section class=\"elementor-section elementor-inner-section elementor-element elementor-element-6b3a701 elementor-reverse-mobile elementor-section-boxed elementor-section-height-default elementor-section-height-default qodef-elementor-content-no\" data-id=\"6b3a701\" data-element_type=\"section\">\n\t\t\t\t\t\t<div class=\"elementor-container elementor-column-gap-default\">\n\t\t\t\t\t<div class=\"elementor-column elementor-col-50 elementor-inner-column elementor-element elementor-element-373b129\" data-id=\"373b129\" data-element_type=\"column\">\n\t\t\t<div class=\"elementor-widget-wrap elementor-element-populated\">\n\t\t\t\t\t\t<div class=\"elementor-element elementor-element-9609779 animated-slow elementor-invisible elementor-widget elementor-widget-archicon_core_section_title\" data-id=\"9609779\" data-element_type=\"widget\" data-settings=\"{&quot;_animation&quot;:&quot;fadeIn&quot;}\" data-widget_type=\"archicon_core_section_title.default\">\n\t\t\t\t<div class=\"elementor-widget-container\">\n\t\t\t<div class=\"qodef-shortcode qodef-m  qodef-section-title qodef-alignment--left   \"  >\n\t\t\t<h4 class=\"qodef-m-title\" style=\"color: #C9C2AC\">\n\t<span class=\"qodef-m-title-inner\" >\n\t\t\tHQ\t\t<\/span>\n\t<\/h4>\n\t\t<\/div>\n\t\t<\/div>\n\t\t\t\t<\/div>\n\t\t\t\t<div class=\"elementor-element elementor-element-9f85427 elementor-widget__width-initial qodef-custom-link animated-slow elementor-invisible elementor-widget elementor-widget-text-editor\" data-id=\"9f85427\" data-element_type=\"widget\" data-settings=\"{&quot;_animation&quot;:&quot;fadeInUp&quot;}\" data-widget_type=\"text-editor.default\">\n\t\t\t\t<div class=\"elementor-widget-container\">\n\t\t\t\t\t\t\t<p><a href=\"https:\/\/www.google.com\/maps\/place\/Civera+Restauri\/@45.5679491,9.7697781,18z\/data=!4m6!3m5!1s0x4781441b367908a3:0x87c3bb5f9acfb22d!8m2!3d45.5678347!4d9.7692612!16s%2Fg%2F11clwnbfc3?authuser=0&amp;entry=ttu\" target=\"_blank\" rel=\"noopener\">Via N.Morzenti, 42<\/a><\/p><p><a href=\"https:\/\/www.google.com\/maps\/place\/Civera+Restauri\/@45.5679491,9.7697781,18z\/data=!4m6!3m5!1s0x4781441b367908a3:0x87c3bb5f9acfb22d!8m2!3d45.5678347!4d9.7692612!16s%2Fg%2F11clwnbfc3?authuser=0&amp;entry=ttu\" target=\"_blank\" rel=\"noopener\">24057 &#8211; <\/a>Martinengo (BG)<br \/>Tel <a href=\"tel:+39 0363 987744\">+39 0363 987744<\/a><br \/><a href=\"mailto:civera@civerarestauri.it\">civera@civerarestauri.it<\/a><\/p>\t\t\t\t\t\t<\/div>\n\t\t\t\t<\/div>\n\t\t\t\t\t<\/div>\n\t\t<\/div>\n\t\t\t\t<div class=\"elementor-column elementor-col-50 elementor-inner-column elementor-element elementor-element-d42697b\" data-id=\"d42697b\" data-element_type=\"column\">\n\t\t\t<div class=\"elementor-widget-wrap elementor-element-populated\">\n\t\t\t\t\t\t<div class=\"elementor-element elementor-element-84cb323 animated-slow elementor-invisible elementor-widget elementor-widget-archicon_core_google_map\" data-id=\"84cb323\" data-element_type=\"widget\" data-settings=\"{&quot;_animation&quot;:&quot;fadeIn&quot;}\" data-widget_type=\"archicon_core_google_map.default\">\n\t\t\t\t<div class=\"elementor-widget-container\">\n\t\t\t<div class=\"qodef-shortcode qodef-m  qodef-google-map\">\n\t<div class=\"qodef-m-map\" id=\"qodef-map-id--86\" data-addresses='[\"Via N.Morzenti, 42 - 24057 Martinengo (BG)\"]' data-pin=https:\/\/civerarestauri.it\/wp-content\/uploads\/2024\/11\/pin-.png data-unique-id=86 data-height=300><\/div>\n<\/div>\n\t\t<\/div>\n\t\t\t\t<\/div>\n\t\t\t\t\t<\/div>\n\t\t<\/div>\n\t\t\t\t\t<\/div>\n\t\t<\/section>\n\t\t\t\t<section class=\"elementor-section elementor-inner-section elementor-element elementor-element-f0cc086 elementor-reverse-mobile elementor-section-boxed elementor-section-height-default elementor-section-height-default qodef-elementor-content-no\" data-id=\"f0cc086\" data-element_type=\"section\">\n\t\t\t\t\t\t<div class=\"elementor-container elementor-column-gap-default\">\n\t\t\t\t\t<div class=\"elementor-column elementor-col-50 elementor-inner-column elementor-element elementor-element-c1c0652\" data-id=\"c1c0652\" data-element_type=\"column\">\n\t\t\t<div class=\"elementor-widget-wrap elementor-element-populated\">\n\t\t\t\t\t\t<div class=\"elementor-element elementor-element-bc2c931 animated-slow elementor-invisible elementor-widget elementor-widget-archicon_core_section_title\" data-id=\"bc2c931\" data-element_type=\"widget\" data-settings=\"{&quot;_animation&quot;:&quot;fadeIn&quot;}\" data-widget_type=\"archicon_core_section_title.default\">\n\t\t\t\t<div class=\"elementor-widget-container\">\n\t\t\t<div class=\"qodef-shortcode qodef-m  qodef-section-title qodef-alignment--left   \"  >\n\t\t\t<h4 class=\"qodef-m-title\" style=\"color: #C9C2AC\">\n\t<span class=\"qodef-m-title-inner\" >\n\t\t\tPROJET CENTRE\t\t<\/span>\n\t<\/h4>\n\t\t<\/div>\n\t\t<\/div>\n\t\t\t\t<\/div>\n\t\t\t\t<div class=\"elementor-element elementor-element-bfd3658 elementor-widget__width-initial qodef-custom-link animated-slow elementor-invisible elementor-widget elementor-widget-text-editor\" data-id=\"bfd3658\" data-element_type=\"widget\" data-settings=\"{&quot;_animation&quot;:&quot;fadeInUp&quot;}\" data-widget_type=\"text-editor.default\">\n\t\t\t\t<div class=\"elementor-widget-container\">\n\t\t\t\t\t\t\t<div><div><div class=\"vk_sh vk_bk\"><div class=\"aiAXrc\">Via Varese, 4<\/div><p><span class=\"fMYBhe\">20821 &#8211; Meda MB<\/span><\/p><\/div><\/div><\/div><p>Tel <a href=\"tel:+39 0363 987744\">+39 0<\/a>362 71600<br \/><a href=\"mailto:civera@civerarestauri.it\">civera@civerarestauri.it<\/a><\/p>\t\t\t\t\t\t<\/div>\n\t\t\t\t<\/div>\n\t\t\t\t\t<\/div>\n\t\t<\/div>\n\t\t\t\t<div class=\"elementor-column elementor-col-50 elementor-inner-column elementor-element elementor-element-ffc103f\" data-id=\"ffc103f\" data-element_type=\"column\">\n\t\t\t<div class=\"elementor-widget-wrap elementor-element-populated\">\n\t\t\t\t\t\t<div class=\"elementor-element elementor-element-edf22d5 animated-slow elementor-invisible elementor-widget elementor-widget-archicon_core_google_map\" data-id=\"edf22d5\" data-element_type=\"widget\" data-settings=\"{&quot;_animation&quot;:&quot;fadeIn&quot;}\" data-widget_type=\"archicon_core_google_map.default\">\n\t\t\t\t<div class=\"elementor-widget-container\">\n\t\t\t<div class=\"qodef-shortcode qodef-m  qodef-google-map\">\n\t<div class=\"qodef-m-map\" id=\"qodef-map-id--441\" data-addresses='[\"Via Varese, 420821 Meda MB\"]' data-pin=https:\/\/civerarestauri.it\/wp-content\/uploads\/2024\/11\/pin-.png data-unique-id=441 data-height=300><\/div>\n<\/div>\n\t\t<\/div>\n\t\t\t\t<\/div>\n\t\t\t\t\t<\/div>\n\t\t<\/div>\n\t\t\t\t\t<\/div>\n\t\t<\/section>\n\t\t\t\t<section class=\"elementor-section elementor-inner-section elementor-element elementor-element-b168671 elementor-reverse-mobile elementor-section-boxed elementor-section-height-default elementor-section-height-default qodef-elementor-content-no\" data-id=\"b168671\" data-element_type=\"section\">\n\t\t\t\t\t\t<div class=\"elementor-container elementor-column-gap-default\">\n\t\t\t\t\t<div class=\"elementor-column elementor-col-50 elementor-inner-column elementor-element elementor-element-f05e499\" data-id=\"f05e499\" data-element_type=\"column\">\n\t\t\t<div class=\"elementor-widget-wrap elementor-element-populated\">\n\t\t\t\t\t\t<div class=\"elementor-element elementor-element-cc70431 animated-slow elementor-invisible elementor-widget elementor-widget-archicon_core_section_title\" data-id=\"cc70431\" data-element_type=\"widget\" data-settings=\"{&quot;_animation&quot;:&quot;fadeIn&quot;}\" data-widget_type=\"archicon_core_section_title.default\">\n\t\t\t\t<div class=\"elementor-widget-container\">\n\t\t\t<div class=\"qodef-shortcode qodef-m  qodef-section-title qodef-alignment--left   \"  >\n\t\t\t<h4 class=\"qodef-m-title\" style=\"color: #C9C2AC\">\n\t<span class=\"qodef-m-title-inner\" >\n\t\t\tSHOWROOM\t\t<\/span>\n\t<\/h4>\n\t\t<\/div>\n\t\t<\/div>\n\t\t\t\t<\/div>\n\t\t\t\t<div class=\"elementor-element elementor-element-e5d6f7b elementor-widget__width-initial qodef-custom-link animated-slow elementor-invisible elementor-widget elementor-widget-text-editor\" data-id=\"e5d6f7b\" data-element_type=\"widget\" data-settings=\"{&quot;_animation&quot;:&quot;fadeInUp&quot;}\" data-widget_type=\"text-editor.default\">\n\t\t\t\t<div class=\"elementor-widget-container\">\n\t\t\t\t\t\t\t<div><div class=\"vk_sh vk_bk\"><div class=\"aiAXrc\">Via Valtellina, 31\u00a0<\/div><p><span class=\"fMYBhe\">20821 &#8211; Meda MB<\/span><\/p><\/div><\/div><p>Tel +39 0362 71600<br \/><a href=\"mailto:civera@civerarestauri.it\">civera@civerarestauri.it<\/a><\/p>\t\t\t\t\t\t<\/div>\n\t\t\t\t<\/div>\n\t\t\t\t\t<\/div>\n\t\t<\/div>\n\t\t\t\t<div class=\"elementor-column elementor-col-50 elementor-inner-column elementor-element elementor-element-09da404\" data-id=\"09da404\" data-element_type=\"column\">\n\t\t\t<div class=\"elementor-widget-wrap elementor-element-populated\">\n\t\t\t\t\t\t<div class=\"elementor-element elementor-element-7b98772 animated-slow elementor-invisible elementor-widget elementor-widget-archicon_core_google_map\" data-id=\"7b98772\" data-element_type=\"widget\" data-settings=\"{&quot;_animation&quot;:&quot;fadeIn&quot;}\" data-widget_type=\"archicon_core_google_map.default\">\n\t\t\t\t<div class=\"elementor-widget-container\">\n\t\t\t<div class=\"qodef-shortcode qodef-m  qodef-google-map\">\n\t<div class=\"qodef-m-map\" id=\"qodef-map-id--525\" data-addresses='[\"Via valtellina 31, 420821 Meda MB\"]' data-pin=https:\/\/civerarestauri.it\/wp-content\/uploads\/2024\/11\/pin-.png data-unique-id=525 data-height=300><\/div>\n<\/div>\n\t\t<\/div>\n\t\t\t\t<\/div>\n\t\t\t\t\t<\/div>\n\t\t<\/div>\n\t\t\t\t\t<\/div>\n\t\t<\/section>\n\t\t\t\t\t<\/div>\n\t\t<\/div>\n\t\t\t\t\t<\/div>\n\t\t<\/section>\n\t\t\t\t<\/div>\n\t\t","protected":false},"excerpt":{"rendered":"<p>CONTACTS Les succ\u00e8s obtenus au cours de ces ann\u00e9es d&rsquo;activit\u00e9 sont \u00e9troitement li\u00e9s \u00e0 l&rsquo;\u00e9thique professionnelle qui a guid\u00e9 le parcours de l&rsquo;entreprise, la caract\u00e9risant par le concret, la fiabilit\u00e9, la comp\u00e9tence, la solidit\u00e9 et la ponctualit\u00e9. HQ Via N.Morzenti, 42 24057 &#8211; Martinengo (BG)Tel +39 0363 987744civera@civerarestauri.it PROJET CENTRE Via Varese, 4 20821 &#8211; [&hellip;]<\/p>\n","protected":false},"author":1,"featured_media":0,"parent":0,"menu_order":0,"comment_status":"closed","ping_status":"closed","template":"page-full-width.php","meta":{"footnotes":""},"class_list":["post-22007","page","type-page","status-publish","hentry"],"_links":{"self":[{"href":"https:\/\/civerarestauri.it\/fr\/wp-json\/wp\/v2\/pages\/22007","targetHints":{"allow":["GET"]}}],"collection":[{"href":"https:\/\/civerarestauri.it\/fr\/wp-json\/wp\/v2\/pages"}],"about":[{"href":"https:\/\/civerarestauri.it\/fr\/wp-json\/wp\/v2\/types\/page"}],"author":[{"embeddable":true,"href":"https:\/\/civerarestauri.it\/fr\/wp-json\/wp\/v2\/users\/1"}],"replies":[{"embeddable":true,"href":"https:\/\/civerarestauri.it\/fr\/wp-json\/wp\/v2\/comments?post=22007"}],"version-history":[{"count":13,"href":"https:\/\/civerarestauri.it\/fr\/wp-json\/wp\/v2\/pages\/22007\/revisions"}],"predecessor-version":[{"id":22328,"href":"https:\/\/civerarestauri.it\/fr\/wp-json\/wp\/v2\/pages\/22007\/revisions\/22328"}],"wp:attachment":[{"href":"https:\/\/civerarestauri.it\/fr\/wp-json\/wp\/v2\/media?parent=22007"}],"curies":[{"name":"wp","href":"https:\/\/api.w.org\/{rel}","templated":true}]}}